{"id":3545,"date":"2019-01-10T19:49:41","date_gmt":"2019-01-10T19:49:41","guid":{"rendered":"http:\/\/preisgroup.com\/?page_id=3545"},"modified":"2020-02-13T07:25:57","modified_gmt":"2020-02-13T07:25:57","slug":"impressum","status":"publish","type":"page","link":"https:\/\/www.preisgroup.com\/de\/impressum\/","title":{"rendered":"Impressum"},"content":{"rendered":"\t\t<div data-elementor-type=\"wp-post\" data-elementor-id=\"3545\" class=\"elementor elementor-3545 elementor-65\" data-elementor-post-type=\"page\">\n\t\t\t\t\t\t<section class=\"elementor-section elementor-top-section elementor-element elementor-element-ae9e6bf elementor-section-boxed elementor-section-height-default elementor-section-height-default\" data-id=\"ae9e6bf\" data-element_type=\"section\" data-e-type=\"section\">\n\t\t\t\t\t\t<div class=\"elementor-container elementor-column-gap-default\">\n\t\t\t\t\t<div class=\"elementor-column elementor-col-100 elementor-top-column elementor-element elementor-element-9c74b1f\" data-id=\"9c74b1f\" data-element_type=\"column\" data-e-type=\"column\">\n\t\t\t<div class=\"elementor-widget-wrap elementor-element-populated\">\n\t\t\t\t\t\t<div class=\"elementor-element elementor-element-862efbd elementor-widget elementor-widget-heading\" data-id=\"862efbd\" data-element_type=\"widget\" data-e-type=\"widget\" data-widget_type=\"heading.default\">\n\t\t\t\t<div class=\"elementor-widget-container\">\n\t\t\t\t\t<h1 class=\"elementor-heading-title elementor-size-default\">Impressum<\/h1>\t\t\t\t<\/div>\n\t\t\t\t<\/div>\n\t\t\t\t<div class=\"elementor-element elementor-element-2f5e43e elementor-widget elementor-widget-heading\" data-id=\"2f5e43e\" data-element_type=\"widget\" data-e-type=\"widget\" data-widget_type=\"heading.default\">\n\t\t\t\t<div class=\"elementor-widget-container\">\n\t\t\t\t\t<h1 class=\"elementor-heading-title elementor-size-default\">Impressum \u2013 Preis GmbH<\/h1>\t\t\t\t<\/div>\n\t\t\t\t<\/div>\n\t\t\t\t<div class=\"elementor-element elementor-element-6d719b2 elementor-widget elementor-widget-text-editor\" data-id=\"6d719b2\" data-element_type=\"widget\" data-e-type=\"widget\" data-widget_type=\"text-editor.default\">\n\t\t\t\t<div class=\"elementor-widget-container\">\n\t\t\t\t\t\t\t\t\t<h3>Herausgeber<\/h3>\n<p><strong>Preis GmbH<\/strong><br>A-2763 Pernitz, Josef Nitsch Str. 5<\/p>\n<p>Tel.: <a href=\"tel:+432632733 550\">+43 (0)2632\/733 55-0<\/a>, Fax +43 (0)2632\/736 05; +43 (0)2632\/729 76<br>Email: <a href=\"mailto:office.austria@preisgroup.com\" target=\"_blank\">office.austria@preisgroup.com<\/a><\/p>\n<p><strong>UID Nummer:<\/strong> ATU 45466204<br><strong>Firmenbuchnummer:<\/strong> FN 169954h<br><strong>Firmenbuchgericht:<\/strong> Landesgericht Wiener Neustadt<\/p>\t\t\t\t\t\t\t\t<\/div>\n\t\t\t\t<\/div>\n\t\t\t\t<div class=\"elementor-element elementor-element-ec0176e elementor-widget elementor-widget-heading\" data-id=\"ec0176e\" data-element_type=\"widget\" data-e-type=\"widget\" data-widget_type=\"heading.default\">\n\t\t\t\t<div class=\"elementor-widget-container\">\n\t\t\t\t\t<h2 class=\"elementor-heading-title elementor-size-default\">Urheberrecht<\/h2>\t\t\t\t<\/div>\n\t\t\t\t<\/div>\n\t\t\t\t<div class=\"elementor-element elementor-element-66cc4dd elementor-widget elementor-widget-text-editor\" data-id=\"66cc4dd\" data-element_type=\"widget\" data-e-type=\"widget\" data-widget_type=\"text-editor.default\">\n\t\t\t\t<div class=\"elementor-widget-container\">\n\t\t\t\t\t\t\t\t\t<p>Der Inhalt dieser Website ist urheberrechtlich gesch\u00fctzt. Alle Rechte, auch die der \u00dcbersetzung, des Nachdrucks und der Vervielf\u00e4ltigung des Inhalts oder Teilen daraus, behalten wir uns vor. Ohne schriftliche Genehmigung der Preis GmbH., darf der Inhalt dieser Seite in keiner Form reproduziert oder unter Verwendung elektronischer Systeme verarbeitet, vervielf\u00e4ltigt oder verbreitet werden. Ausgenommen davon ist &#8211; vorausgesetzt es wird keine \u00c4nderung am Inhalt der Website vorgenommen &#8211; die Verwendung des Inhalts zu rein pers\u00f6nlichen und nicht- kommerziellen Zwecken. Diese Erlaubnis endet, wenn gegen die oben genannten Bedingungen versto\u00dfen wird.<\/p>\n\t\t\t\t\t\t\t\t<\/div>\n\t\t\t\t<\/div>\n\t\t\t\t<div class=\"elementor-element elementor-element-a462de1 elementor-widget elementor-widget-heading\" data-id=\"a462de1\" data-element_type=\"widget\" data-e-type=\"widget\" data-widget_type=\"heading.default\">\n\t\t\t\t<div class=\"elementor-widget-container\">\n\t\t\t\t\t<h2 class=\"elementor-heading-title elementor-size-default\">Copyright<\/h2>\t\t\t\t<\/div>\n\t\t\t\t<\/div>\n\t\t\t\t<div class=\"elementor-element elementor-element-9123b1e elementor-widget elementor-widget-text-editor\" data-id=\"9123b1e\" data-element_type=\"widget\" data-e-type=\"widget\" data-widget_type=\"text-editor.default\">\n\t\t\t\t<div class=\"elementor-widget-container\">\n\t\t\t\t\t\t\t\t\t<p>S\u00e4mtliche Bilder, Animationen und Filme von Maschinen, Anlagen oder Produkten sind Eigentum der Preis GmbH. Das Herunterladen auf die Festplatte Ihres Rechners ist ausschlie\u00dflich zu privaten Zwecken gestattet. Eine kommerzielle Verwendung bedarf einer schriftlichen Genehmigung.<\/p>\n<h3>Haftungsausschluss<\/h3>\n<p>Obwohl bei der Zusammenstellung der auf unseren Webseiten enthaltenen Informationen gr\u00f6\u00dfte Sorgfalt angewandt wurde, kann Preis GmbH. nicht f\u00fcr deren Korrektheit garantieren und geht damit keinerlei Verpflichtungen ein. In keinem Fall kann Preis GmbH f\u00fcr etwaige Sch\u00e4den irgendwelcher Art verantwortlich gemacht werden, die durch die Benutzung oder im Zusammenhang mit der Benutzung der hier bereitgestellten Informationen entstehen, seien es direkte oder indirekte Sch\u00e4den, Folgesch\u00e4den oder Sondersch\u00e4den einschlie\u00dflich entgangenen Gewinns, oder Sch\u00e4den, die aus dem Verlust von Daten entstehen.<\/p>\n<p>Wir behalten uns \u00c4nderungen der Informationen auf dieser Website, die wir unverbindlich zur Verf\u00fcgung stellen, jederzeit und ohne vorherige Ank\u00fcndigung vor.<\/p>\n\t\t\t\t\t\t\t\t<\/div>\n\t\t\t\t<\/div>\n\t\t\t\t<div class=\"elementor-element elementor-element-0159f50 elementor-widget elementor-widget-heading\" data-id=\"0159f50\" data-element_type=\"widget\" data-e-type=\"widget\" data-widget_type=\"heading.default\">\n\t\t\t\t<div class=\"elementor-widget-container\">\n\t\t\t\t\t<h2 class=\"elementor-heading-title elementor-size-default\">Google Analytics<\/h2>\t\t\t\t<\/div>\n\t\t\t\t<\/div>\n\t\t\t\t<div class=\"elementor-element elementor-element-8e9d69c elementor-widget elementor-widget-text-editor\" data-id=\"8e9d69c\" data-element_type=\"widget\" data-e-type=\"widget\" data-widget_type=\"text-editor.default\">\n\t\t\t\t<div class=\"elementor-widget-container\">\n\t\t\t\t\t\t\t\t\t<p>Diese Website benutzt Google Analytics, einen Webanalysedienst der Google Inc. (\u201eGoogle&#8220;). Google Analytics verwendet sog. \u201eCookies&#8220;, Textdateien, die auf Ihrem Computer gespeichert werden und die eine Analyse der Benutzung der Website durch Sie erm\u00f6glicht. Die durch den Cookie erzeugten Informationen \u00fcber Ihre Benutzung diese Website (einschlie\u00dflich Ihrer IP-Adresse) wird an einen Server von Google in den USA \u00fcbertragen und dort gespeichert. Google wird diese Informationen benutzen, um Ihre Nutzung der Website auszuwerten, um Reports \u00fcber die Websiteaktivit\u00e4ten f\u00fcr die Websitebetreiber zusammenzustellen und um weitere mit der Websitenutzung und der Internetnutzung verbundene Dienstleistungen zu erbringen. Auch wird Google diese Informationen gegebenenfalls an Dritte \u00fcbertragen, sofern dies gesetzlich vorgeschrieben oder soweit Dritte diese Daten im Auftrag von Google verarbeiten. Google wird in keinem Fall Ihre IP-Adresse mit anderen Daten der Google in Verbindung bringen. Sie k\u00f6nnen die Installation der Cookies durch eine entsprechende Einstellung Ihrer Browser Software verhindern; wir weisen Sie jedoch darauf hin, dass Sie in diesem Fall gegebenenfalls nicht s\u00e4mtliche Funktionen dieser Website voll umf\u00e4nglich nutzen k\u00f6nnen. Durch die Nutzung dieser Website erkl\u00e4ren Sie sich mit der Bearbeitung der \u00fcber Sie erhobenen Daten durch Google in der zuvor beschriebenen Art und Weise und zu dem zuvor benannten Zweck einverstanden.<br \/>\nFalls Sie ihren Besuch auf unserer Seite nicht von Google Analytics auswerten lassen wollen, k\u00f6nnen Sie das Deaktivierungs-Add-on f\u00fcr Browser von Google Analytics (\/BETA) nutzen. Laut Google teilt dieses Add-on dem JavaScript (\/ga.js) von Google Analytics mit, dass keine Informationen \u00fcber den Website-Besuch an Google Analytics \u00fcbermittelt werden sollen.<\/p>\n\t\t\t\t\t\t\t\t<\/div>\n\t\t\t\t<\/div>\n\t\t\t\t\t<\/div>\n\t\t<\/div>\n\t\t\t\t\t<\/div>\n\t\t<\/section>\n\t\t\t\t<\/div>\n\t\t","protected":false},"excerpt":{"rendered":"<p>Impressum Impressum \u2013 Preis GmbH Herausgeber Preis GmbHA-2763 Pernitz, Josef Nitsch Str. 5 Tel.: +43 (0)2632\/733 55-0, Fax +43 (0)2632\/736 05; +43 (0)2632\/729 76Email: office.austria@preisgroup.com UID Nummer: ATU 45466204Firmenbuchnummer: FN 169954hFirmenbuchgericht: Landesgericht Wiener Neustadt Urheberrecht Der Inhalt dieser Website ist urheberrechtlich gesch\u00fctzt. Alle Rechte, auch die der \u00dcbersetzung, des Nachdrucks und der Vervielf\u00e4ltigung des Inhalts [&hellip;]<\/p>\n","protected":false},"author":1,"featured_media":0,"parent":0,"menu_order":0,"comment_status":"closed","ping_status":"closed","template":"elementor_header_footer","meta":{"footnotes":""},"class_list":["post-3545","page","type-page","status-publish","hentry"],"_links":{"self":[{"href":"https:\/\/www.preisgroup.com\/de\/wp-json\/wp\/v2\/pages\/3545","targetHints":{"allow":["GET"]}}],"collection":[{"href":"https:\/\/www.preisgroup.com\/de\/wp-json\/wp\/v2\/pages"}],"about":[{"href":"https:\/\/www.preisgroup.com\/de\/wp-json\/wp\/v2\/types\/page"}],"author":[{"embeddable":true,"href":"https:\/\/www.preisgroup.com\/de\/wp-json\/wp\/v2\/users\/1"}],"replies":[{"embeddable":true,"href":"https:\/\/www.preisgroup.com\/de\/wp-json\/wp\/v2\/comments?post=3545"}],"version-history":[{"count":0,"href":"https:\/\/www.preisgroup.com\/de\/wp-json\/wp\/v2\/pages\/3545\/revisions"}],"wp:attachment":[{"href":"https:\/\/www.preisgroup.com\/de\/wp-json\/wp\/v2\/media?parent=3545"}],"curies":[{"name":"wp","href":"https:\/\/api.w.org\/{rel}","templated":true}]}}