{"id":12230,"date":"2020-08-10T14:51:26","date_gmt":"2020-08-10T12:51:26","guid":{"rendered":"http:\/\/www.preisgroup.com\/business-policy\/"},"modified":"2025-11-01T02:32:27","modified_gmt":"2025-11-01T00:32:27","slug":"business-policy","status":"publish","type":"page","link":"https:\/\/www.preisgroup.com\/de\/business-policy\/","title":{"rendered":"Gesch\u00e4ftspolitik"},"content":{"rendered":"\t\t<div data-elementor-type=\"wp-page\" data-elementor-id=\"12230\" class=\"elementor elementor-12230 elementor-12226\" data-elementor-post-type=\"page\">\n\t\t\t\t<div class=\"elementor-element elementor-element-c912df0 e-flex e-con-boxed e-con e-parent\" data-id=\"c912df0\" data-element_type=\"container\" data-e-type=\"container\">\n\t\t\t\t\t<div class=\"e-con-inner\">\n\t\t\t\t<div class=\"elementor-element elementor-element-2b6cdee elementor-widget elementor-widget-text-editor\" data-id=\"2b6cdee\" data-element_type=\"widget\" data-e-type=\"widget\" data-widget_type=\"text-editor.default\">\n\t\t\t\t<div class=\"elementor-widget-container\">\n\t\t\t\t\t\t\t\t\t<p>Die PREIS Gruppe ist ein innovativer Entwickler und Produzent von Elektrokomponenten, Gie\u00dfereiprodukten, Schwei\u00dfkonstruktionen und Entw\u00e4sserungssystemen. Langfristiges Bestehen, kontinuierliches Wachstum, nachhaltige Entwicklung sowie Technologie- und Marktf\u00fchrerschaft in allen Gesch\u00e4ftsbereichen haben f\u00fcr uns oberste Priorit\u00e4t. Ziel aller unserer Gesch\u00e4ftsbereiche ist es, Branchenf\u00fchrer zu sein. Der hohe Qualit\u00e4tsstandard der Leistungen f\u00fcr unsere Kunden und die langfristige Kundenzufriedenheit sind hierf\u00fcr unerl\u00e4sslich.<\/p>\n<p>Parallel zum notwendigen wirtschaftlichen Erfolg streben wir eine langfristig positive Unternehmensentwicklung unter Ber\u00fccksichtigung von Umwelt-, Sozial- und Governance-Regeln (ESG) an. Dazu geh\u00f6ren die Einhaltung relevanter Gesetze, die Erf\u00fcllung sozialer Anforderungen sowie die kontinuierliche Verbesserung von Qualit\u00e4t, Umwelt, Energieeffizienz und Gesundheit\/Sicherheit durch den Einsatz optimaler Techniken und die Bereitstellung der notwendigen Ressourcen. Um F\u00fchrungsverantwortung wahrzunehmen und unsere Ziele umzusetzen, pflegen wir ein integriertes Managementsystem, das folgende Grunds\u00e4tze umfasst:<\/p>\n\t\t\t\t\t\t\t\t<\/div>\n\t\t\t\t<\/div>\n\t\t<div class=\"elementor-element elementor-element-bfd456b e-con-full e-flex e-con e-child\" data-id=\"bfd456b\" data-element_type=\"container\" data-e-type=\"container\">\n\t\t<div class=\"elementor-element elementor-element-b8ce145 e-con-full e-flex e-con e-child\" data-id=\"b8ce145\" data-element_type=\"container\" data-e-type=\"container\">\n\t\t\t\t<div class=\"elementor-element elementor-element-faff63f elementor-widget elementor-widget-image\" data-id=\"faff63f\" data-element_type=\"widget\" data-e-type=\"widget\" data-widget_type=\"image.default\">\n\t\t\t\t<div class=\"elementor-widget-container\">\n\t\t\t\t\t\t\t\t\t\t\t\t\t\t\t<img decoding=\"async\" src=\"https:\/\/www.preisgroup.com\/wp-content\/uploads\/2025\/08\/icon-01.svg\" title=\"Icon 01.svg\" alt=\"Icon 01.svg\" loading=\"lazy\" \/>\t\t\t\t\t\t\t\t\t\t\t\t\t\t\t<\/div>\n\t\t\t\t<\/div>\n\t\t\t\t<\/div>\n\t\t<div class=\"elementor-element elementor-element-ffb4af7 e-con-full e-flex e-con e-child\" data-id=\"ffb4af7\" data-element_type=\"container\" data-e-type=\"container\">\n\t\t\t\t<div class=\"elementor-element elementor-element-0440860 elementor-widget elementor-widget-heading\" data-id=\"0440860\" data-element_type=\"widget\" data-e-type=\"widget\" data-widget_type=\"heading.default\">\n\t\t\t\t<div class=\"elementor-widget-container\">\n\t\t\t\t\t<h2 class=\"elementor-heading-title elementor-size-default\">Qualit\u00e4t bedeutet f\u00fcr uns...<\/h2>\t\t\t\t<\/div>\n\t\t\t\t<\/div>\n\t\t\t\t<div class=\"elementor-element elementor-element-6d54152 elementor-widget elementor-widget-text-editor\" data-id=\"6d54152\" data-element_type=\"widget\" data-e-type=\"widget\" data-widget_type=\"text-editor.default\">\n\t\t\t\t<div class=\"elementor-widget-container\">\n\t\t\t\t\t\t\t\t\t<ul>\n<li>Konsequente Sicherung der Produktqualit\u00e4t vor Produktionsbeginn<\/li>\n<li>Konsequente Vermeidung von St\u00f6rungen und Beseitigung der Fehlerursachen im Sinne der Null-Fehler-Politik<\/li>\n<li>Permanente Optimierung aller Gesch\u00e4ftsprozesse mit dem Ziel, nur noch robuste Prozesse zu betreiben<\/li>\n<li>Einbindung und Entwicklung von Lieferanten im Hinblick auf unsere Qualit\u00e4tsphilosophie<\/li>\n<li>Einsch\u00e4tzung \/ Feedback unserer Kunden<\/li>\n<li>Kosten minimieren und Leistung steigern<\/li>\n<li>St\u00e4rkung unserer Wettbewerbsposition<\/li>\n<li>Jeder Mitarbeiter tr\u00e4gt durch Eigenverantwortung zur Erreichung und Sicherung des Qualit\u00e4tsstandards bei<\/li>\n<li>Erreichen der Kundenzufriedenheit durch die Erf\u00fcllung ihrer Anforderungen, Bed\u00fcrfnisse und Erwartungen<\/li>\n<\/ul>\n\t\t\t\t\t\t\t\t<\/div>\n\t\t\t\t<\/div>\n\t\t\t\t<\/div>\n\t\t\t\t<\/div>\n\t\t<div class=\"elementor-element elementor-element-f52c833 e-con-full e-flex e-con e-child\" data-id=\"f52c833\" data-element_type=\"container\" data-e-type=\"container\">\n\t\t<div class=\"elementor-element elementor-element-b78b2a5 e-con-full e-flex e-con e-child\" data-id=\"b78b2a5\" data-element_type=\"container\" data-e-type=\"container\">\n\t\t\t\t<div class=\"elementor-element elementor-element-bb447ff elementor-widget elementor-widget-image\" data-id=\"bb447ff\" data-element_type=\"widget\" data-e-type=\"widget\" data-widget_type=\"image.default\">\n\t\t\t\t<div class=\"elementor-widget-container\">\n\t\t\t\t\t\t\t\t\t\t\t\t\t\t\t<img decoding=\"async\" src=\"https:\/\/www.preisgroup.com\/wp-content\/uploads\/2025\/08\/icon-02.svg\" title=\"Icon 02.svg\" alt=\"Icon 02.svg\" loading=\"lazy\" \/>\t\t\t\t\t\t\t\t\t\t\t\t\t\t\t<\/div>\n\t\t\t\t<\/div>\n\t\t\t\t<\/div>\n\t\t<div class=\"elementor-element elementor-element-7a80e2e e-con-full e-flex e-con e-child\" data-id=\"7a80e2e\" data-element_type=\"container\" data-e-type=\"container\">\n\t\t\t\t<div class=\"elementor-element elementor-element-1fde1fb elementor-widget elementor-widget-heading\" data-id=\"1fde1fb\" data-element_type=\"widget\" data-e-type=\"widget\" data-widget_type=\"heading.default\">\n\t\t\t\t<div class=\"elementor-widget-container\">\n\t\t\t\t\t<h2 class=\"elementor-heading-title elementor-size-default\">Umweltschutz und effiziente Energienutzung bedeuten f\u00fcr uns...<\/h2>\t\t\t\t<\/div>\n\t\t\t\t<\/div>\n\t\t\t\t<div class=\"elementor-element elementor-element-cee1615 elementor-widget elementor-widget-text-editor\" data-id=\"cee1615\" data-element_type=\"widget\" data-e-type=\"widget\" data-widget_type=\"text-editor.default\">\n\t\t\t\t<div class=\"elementor-widget-container\">\n\t\t\t\t\t\t\t\t\t<ul>\n<li>Erhaltung der nat\u00fcrlichen Ressourcen durch Reduzierung der Auswirkungen unserer wirtschaftlichen Aktivit\u00e4ten auf die Umwelt<\/li>\n<li>Kontinuierliche Reduzierung der Umweltbelastung durch Vermeidung bzw. Reduzierung von Emissionen und Ausschuss<\/li>\n<li>Nutzung erneuerbarer Energien, energieeffiziente Produktion, effizienter Energieverbrauch, CO2-Reduktion,<\/li>\n<li>Optimale Ressourcennutzung durch Kreislaufwirtschaft und stetige Verbesserung der Energiekennzahlen<\/li>\n<li>Kontinuierliche Produktverbesserung zur Verl\u00e4ngerung des Lebenszyklus von Produkten<\/li>\n<li>Harmonisierung der Produktionsprozesse mit den besten verf\u00fcgbaren Techniken<\/li>\n<li>Ber\u00fccksichtigung von Umwelt- und Energieaspekten bereits bei der Planung und Entwicklung neuer Produkte und Verfahren<\/li>\n<li>Durchf\u00fchrung kontinuierlicher Ma\u00dfnahmen zur Energieeinsparung sowie Ermittlung relevanter Daten<\/li>\n<li>Schulung der Mitarbeiter, Steigerung der Motivation, Sensibilisierung und des Wissens \u00fcber die Umwelt und energieeffizientes Management<\/li>\n<li>Verh\u00fctung von Umweltunf\u00e4llen durch vorbeugende Ma\u00dfnahmen<\/li>\n<li>Offene Kommunikation mit Stakeholdern<\/li>\n<\/ul>\n\t\t\t\t\t\t\t\t<\/div>\n\t\t\t\t<\/div>\n\t\t\t\t<\/div>\n\t\t\t\t<\/div>\n\t\t<div class=\"elementor-element elementor-element-70b3674 e-con-full e-flex e-con e-child\" data-id=\"70b3674\" data-element_type=\"container\" data-e-type=\"container\">\n\t\t<div class=\"elementor-element elementor-element-a3bca23 e-con-full e-flex e-con e-child\" data-id=\"a3bca23\" data-element_type=\"container\" data-e-type=\"container\">\n\t\t\t\t<div class=\"elementor-element elementor-element-35a4b6b elementor-widget elementor-widget-image\" data-id=\"35a4b6b\" data-element_type=\"widget\" data-e-type=\"widget\" data-widget_type=\"image.default\">\n\t\t\t\t<div class=\"elementor-widget-container\">\n\t\t\t\t\t\t\t\t\t\t\t\t\t\t\t<img decoding=\"async\" src=\"https:\/\/www.preisgroup.com\/wp-content\/uploads\/2025\/08\/icon-03.svg\" title=\"Icon 03.svg\" alt=\"Icon 03.svg\" loading=\"lazy\" \/>\t\t\t\t\t\t\t\t\t\t\t\t\t\t\t<\/div>\n\t\t\t\t<\/div>\n\t\t\t\t<\/div>\n\t\t<div class=\"elementor-element elementor-element-e5f85ec e-con-full e-flex e-con e-child\" data-id=\"e5f85ec\" data-element_type=\"container\" data-e-type=\"container\">\n\t\t\t\t<div class=\"elementor-element elementor-element-d34d740 elementor-widget elementor-widget-heading\" data-id=\"d34d740\" data-element_type=\"widget\" data-e-type=\"widget\" data-widget_type=\"heading.default\">\n\t\t\t\t<div class=\"elementor-widget-container\">\n\t\t\t\t\t<h2 class=\"elementor-heading-title elementor-size-default\">Sicherheit und Gesundheitsschutz bedeuten f\u00fcr uns...<\/h2>\t\t\t\t<\/div>\n\t\t\t\t<\/div>\n\t\t\t\t<div class=\"elementor-element elementor-element-4d24b4f elementor-widget elementor-widget-text-editor\" data-id=\"4d24b4f\" data-element_type=\"widget\" data-e-type=\"widget\" data-widget_type=\"text-editor.default\">\n\t\t\t\t<div class=\"elementor-widget-container\">\n\t\t\t\t\t\t\t\t\t<ul>\n<li>Gesundheitssch\u00e4den durch Pr\u00e4vention und Gesundheitsf\u00f6rderung vermeiden<\/li>\n<li>Einsatz pers\u00f6nlicher Schutzausr\u00fcstung und sicherer Maschinen zur Risikominimierung f\u00fcr alle Mitarbeiter, Lieferanten und Besucher<\/li>\n<li>Langfristige Leistungsf\u00e4higkeit unserer Mitarbeiter erhalten und f\u00f6rdern<\/li>\n<li>Ergonomische Arbeitsplatzgestaltung<\/li>\n<li>Gefahrenquellen und Risiken erkennen und reduzieren<\/li>\n<li>F\u00f6rderung einer Kultur des sicheren Verhaltens f\u00fcr Mitarbeiter und Besucher<\/li>\n<li>Sorgfalt, Ordnung und Sauberkeit am Arbeitsplatz<\/li>\n<li>Kontinuierliche \u00dcberwachung der umgesetzten Gesundheits- und Sicherheitsma\u00dfnahmen<\/li>\n<\/ul>\n\t\t\t\t\t\t\t\t<\/div>\n\t\t\t\t<\/div>\n\t\t\t\t<\/div>\n\t\t\t\t<\/div>\n\t\t<div class=\"elementor-element elementor-element-7200ddd e-con-full e-flex e-con e-child\" data-id=\"7200ddd\" data-element_type=\"container\" data-e-type=\"container\">\n\t\t<div class=\"elementor-element elementor-element-3774d21 e-con-full e-flex e-con e-child\" data-id=\"3774d21\" data-element_type=\"container\" data-e-type=\"container\">\n\t\t\t\t<div class=\"elementor-element elementor-element-73755e6 elementor-widget elementor-widget-image\" data-id=\"73755e6\" data-element_type=\"widget\" data-e-type=\"widget\" data-widget_type=\"image.default\">\n\t\t\t\t<div class=\"elementor-widget-container\">\n\t\t\t\t\t\t\t\t\t\t\t\t\t\t\t<img decoding=\"async\" src=\"https:\/\/www.preisgroup.com\/wp-content\/uploads\/2025\/08\/icon-04.svg\" title=\"Icon 04.svg\" alt=\"Icon 04.svg\" loading=\"lazy\" \/>\t\t\t\t\t\t\t\t\t\t\t\t\t\t\t<\/div>\n\t\t\t\t<\/div>\n\t\t\t\t<\/div>\n\t\t<div class=\"elementor-element elementor-element-5684ca2 e-con-full e-flex e-con e-child\" data-id=\"5684ca2\" data-element_type=\"container\" data-e-type=\"container\">\n\t\t\t\t<div class=\"elementor-element elementor-element-f3d121a elementor-widget elementor-widget-heading\" data-id=\"f3d121a\" data-element_type=\"widget\" data-e-type=\"widget\" data-widget_type=\"heading.default\">\n\t\t\t\t<div class=\"elementor-widget-container\">\n\t\t\t\t\t<h2 class=\"elementor-heading-title elementor-size-default\">Wir versprechen unseren Mitarbeitern, dass...<\/h2>\t\t\t\t<\/div>\n\t\t\t\t<\/div>\n\t\t\t\t<div class=\"elementor-element elementor-element-7a8c19b elementor-widget elementor-widget-text-editor\" data-id=\"7a8c19b\" data-element_type=\"widget\" data-e-type=\"widget\" data-widget_type=\"text-editor.default\">\n\t\t\t\t<div class=\"elementor-widget-container\">\n\t\t\t\t\t\t\t\t\t<ul>\n<li>Wir pflegen eine famili\u00e4re, freundliche Unternehmenskultur mit einem hohen Ma\u00df an Wertsch\u00e4tzung und Respekt<\/li>\n<li>Wir werden hart daran arbeiten, ein hohes Ma\u00df an Arbeitsplatzsicherheit aufrechtzuerhalten<\/li>\n<li>Wir k\u00fcmmern uns in unseren Einrichtungen um Ihre Gesundheit<\/li>\n<li>Wir bieten gut ausgestattete, moderne und attraktive Arbeitspl\u00e4tze<\/li>\n<li>Wir definieren interessante Berufsbilder, in denen Sie international arbeiten und vielf\u00e4ltige Kompetenzen entwickeln k\u00f6nnen<\/li>\n<li>Wir bieten ein umfangreiches Angebot an Lernm\u00f6glichkeiten, basierend auf regelm\u00e4\u00dfigen Lern- und Karriereentwicklungsgespr\u00e4chen<\/li>\n<\/ul>\n\t\t\t\t\t\t\t\t<\/div>\n\t\t\t\t<\/div>\n\t\t\t\t<\/div>\n\t\t\t\t<\/div>\n\t\t\t\t<div class=\"elementor-element elementor-element-eac750c elementor-widget elementor-widget-text-editor\" data-id=\"eac750c\" data-element_type=\"widget\" data-e-type=\"widget\" data-widget_type=\"text-editor.default\">\n\t\t\t\t<div class=\"elementor-widget-container\">\n\t\t\t\t\t\t\t\t\t<p>Die Gesch\u00e4ftsf\u00fchrung von PREIS erkl\u00e4rt diese Gesch\u00e4ftspolitik und die dazugeh\u00f6rigen Grunds\u00e4tze als verbindlich f\u00fcr alle Gesch\u00e4ftsprozesse, Organisationseinheiten und alle Mitarbeiter. Jeder Mitarbeiter tr\u00e4gt zu ihrer Erf\u00fcllung bei. Die Verpflichtung, relevante Informationen aus dieser Gesch\u00e4ftspolitik an Mitarbeiter, Kunden und andere interessierte Parteien zu kommunizieren, wird durch Schulungen, Aush\u00e4nge im Unternehmen sowie auf unserer Homepage umgesetzt. Die hohe Wirksamkeit unseres integrierten Managementsystems (ISO 9001, 14001, 45001 und 50001) wird durch regelm\u00e4\u00dfige \u00dcberwachung und Bewertung des Status und der Fortschritte durch das Management sichergestellt.<\/p>\n\t\t\t\t\t\t\t\t<\/div>\n\t\t\t\t<\/div>\n\t\t\t\t<div class=\"elementor-element elementor-element-bb293e5 elementor-widget elementor-widget-heading\" data-id=\"bb293e5\" data-element_type=\"widget\" data-e-type=\"widget\" data-widget_type=\"heading.default\">\n\t\t\t\t<div class=\"elementor-widget-container\">\n\t\t\t\t\t<h2 class=\"elementor-heading-title elementor-size-default\">Corporate Social Responsibility (CSR) und  Verhaltenskodex (CoC)<\/h2>\t\t\t\t<\/div>\n\t\t\t\t<\/div>\n\t\t\t\t<div class=\"elementor-element elementor-element-3973a0d elementor-widget elementor-widget-text-editor\" data-id=\"3973a0d\" data-element_type=\"widget\" data-e-type=\"widget\" data-widget_type=\"text-editor.default\">\n\t\t\t\t<div class=\"elementor-widget-container\">\n\t\t\t\t\t\t\t\t\t<p>Als international agierende Unternehmensgruppe sind wir uns unserer unternehmerischen und sozialen Verantwortung gegen\u00fcber unseren Kunden, Lieferanten und Partnern sowie unserem Unternehmensumfeld bewusst. Die Grunds\u00e4tze verantwortungsvoller Unternehmensf\u00fchrung, die Sicherung von Arbeitnehmer- und Menschenrechten sowie Umweltschutz, Qualit\u00e4t, Gesundheit und Sicherheit sind fester Bestandteil unserer Gesch\u00e4ftspolitik und damit Teil unseres integrierten Managementsystems. Die Unternehmensgruppe lebt ein nachhaltiges Wirtschafts- und Sozialmodell und strebt eine sinnvolle Balance zwischen marktwirtschaftlicher und sozial-\u00f6kologischer Verantwortung an. Daher bekennen wir uns ausdr\u00fccklich zu folgenden Grunds\u00e4tzen:<\/p><p><strong>Einhaltung gesetzlicher Vorschriften\u00a0<\/strong><\/p><ul><li>die Gesetze und Vorschriften der geltenden Rechtsordnungen einhalten. <br \/><br \/><\/li><\/ul><p><strong>Menschenrechte\u00a0<\/strong><\/p><ul><li>Gew\u00e4hrleistung der Achtung aller international verk\u00fcndeten Menschenrechte durch Vermeidung der Verursachung und Mitt\u00e4terschaft bei Menschenrechtsverletzungen. Besonderes Augenmerk ist auf die Achtung der Menschenrechte besonders gef\u00e4hrdeter Rechteinhaber wie Frauen, Kinder oder Wanderarbeiter sowie (indigene) Gemeinschaften zu legen. <br \/><br \/><\/li><\/ul><p><strong>Verbot der Zwangsarbeit\u00a0<\/strong><\/p><ul><li>Wir d\u00fcrfen weder Sklaverei, Leibeigenschaft, Zwangsarbeit, Unterdr\u00fcckung, Ausbeutung noch Menschenhandel nutzen noch dazu beitragen. <br \/><br \/><\/li><\/ul><p><strong>Verbot von Kinderarbeit\u00a0<\/strong><\/p><ul><li>Die Besch\u00e4ftigung von Arbeitnehmern unter dem Alter, ab dem die Schulpflicht endet, erfolgt gem\u00e4\u00df den Gesetzen des Besch\u00e4ftigungsorts, vorausgesetzt, dass das Besch\u00e4ftigungsalter nicht unter 15 Jahren liegt oder dass in L\u00e4ndern, die der Ausnahme f\u00fcr Entwicklungsl\u00e4nder des ILO-\u00dcbereinkommens 138 unterliegen, keine Arbeitnehmer unter 14 Jahren besch\u00e4ftigt werden.<\/li><li>Besch\u00e4ftigen Sie keine Arbeitnehmer unter 18 Jahren f\u00fcr gef\u00e4hrliche Arbeiten gem\u00e4\u00df ILO-\u00dcbereinkommen 182. <br \/><br \/><\/li><\/ul><p><strong>Nichtdiskriminierung und Respekt im Arbeitsverh\u00e4ltnis\u00a0\u00a0<\/strong><\/p><ul><li>Stellen Sie die Gleichbehandlung der Mitarbeiter sicher, unabh\u00e4ngig von Hautfarbe, Rasse, Nationalit\u00e4t, ethnischer Zugeh\u00f6rigkeit, sozialem Hintergrund, Gesundheitszustand, Behinderungen, Geschlecht, sexueller Identit\u00e4t und Orientierung, Familienstand, politischer Meinung, weltanschaulicher oder religi\u00f6ser \u00dcberzeugung, Weltanschauung oder Alter, und f\u00f6rdern Sie ihre Chancengleichheit.<\/li><li>Dulden Sie keine inakzeptable Behandlung von Personen, wie etwa seelische Grausamkeit, sexuelle Bel\u00e4stigung oder Diskriminierung, einschlie\u00dflich Gesten, Sprache und K\u00f6rperkontakt, die sexuell, zwanghaft, bedrohlich, missbr\u00e4uchlich oder ausbeuterisch ist.<\/li><li>Vermeiden Sie unn\u00f6tige Einschr\u00e4nkungen der Bewegungsfreiheit, au\u00dfer aus Sicherheitsgr\u00fcnden. <br \/><br \/><\/li><\/ul><p><strong>Vereinigungsfreiheit und Kollektivverhandlungen <\/strong><\/p><ul><li>Erkennen Sie das gesetzliche Recht der Arbeitnehmer an, Gewerkschaften zu gr\u00fcnden oder ihnen beizutreten und an Tarifverhandlungen teilzunehmen, ohne dass Mitglieder von Arbeitnehmerorganisationen oder Gewerkschaften benachteiligt oder bevorzugt werden.<br \/><br \/><\/li><\/ul><p><strong>Arbeitszeiten und L\u00f6hne f\u00fcr Arbeitnehmer<\/strong><\/p><ul><li>Halten Sie alle geltenden Arbeitszeit- und Ruhepausenvorschriften ein.<\/li><li>Zahlen Sie faire L\u00f6hne, mindestens die Mindestl\u00f6hne, die nach geltendem Recht erforderlich sind.<\/li><li>Bei grenz\u00fcberschreitenden Personaleins\u00e4tzen beachten wir alle geltenden gesetzlichen Bestimmungen.<br \/><br \/><\/li><\/ul><p><strong>Leben, Gesundheit und Sicherheit der Mitarbeiter <\/strong><\/p><ul><li>Handeln Sie gem\u00e4\u00df den geltenden gesetzlichen und internationalen Standards in Bezug auf Gesundheit und Sicherheit am Arbeitsplatz und sorgen Sie f\u00fcr sichere Arbeitsbedingungen und gegebenenfalls angemessene Unterk\u00fcnfte, um die Gesundheit und das Wohlbefinden der Mitarbeiter zu sch\u00fctzen.<\/li><li>Bieten Sie Schulungen und Unterweisungen an, um sicherzustellen, dass die Mitarbeiter in Gesundheits- und Sicherheitsfragen geschult sind.<\/li><li>Ein angemessenes Arbeitsschutzmanagementsystem einrichten und anwenden.<br \/><br \/><\/li><\/ul><p><strong>Auswirkungen auf die Gemeinschaften <\/strong><\/p><ul><li>Unterlassen Sie die unrechtm\u00e4\u00dfige Vertreibung und\/oder die unrechtm\u00e4\u00dfige Enteignung von Land, W\u00e4ldern und Gew\u00e4ssern.<br \/><br \/><\/li><\/ul><p><strong>Sicherheitskr\u00e4fte <\/strong><\/p><ul><li>Achten Sie beim Einsatz privater oder staatlicher Sicherheitskr\u00e4fte darauf, dass die Menschenrechte der Mitarbeiter und anderer Rechteinhaber gewahrt werden (insbesondere keine Anwendung physischer oder psychischer Gewalt, au\u00dfer im Falle der legitimen Selbstverteidigung).<br \/><br \/><\/li><\/ul><p><strong>Umwelt- und Klimaschutz, Schutz nat\u00fcrlicher Ressourcen <\/strong><\/p><ul><li>Handeln Sie im Einklang mit den geltenden gesetzlichen und internationalen Standards im Hinblick auf die Umwelt.<\/li><li>Minimieren Sie die Umweltbelastung und verbessern Sie den Umweltschutz kontinuierlich.<\/li><li>Etablieren Sie ein sinnvolles Umweltmanagementsystem.<\/li><li>Keine sch\u00e4dlichen Bodenver\u00e4nderungen, Wasserverschmutzungen, Luftverschmutzungen, sch\u00e4dlichen L\u00e4rmemissionen oder \u00fcberm\u00e4\u00dfigen Wasserverbrauchs verursachen, die die grundlegenden Existenzbed\u00fcrfnisse einer Person erheblich beeintr\u00e4chtigen oder die Gesundheit sch\u00e4digen.<\/li><li>Reduzieren Sie Abfall und sorgen Sie f\u00fcr eine ordnungsgem\u00e4\u00dfe Behandlung und Entsorgung.<br \/><br \/><\/li><\/ul><p><strong>Faire Gesch\u00e4ftspraktiken, Bek\u00e4mpfung von Korruption und Bestechung <\/strong><\/p><ul><li>Dulden Sie keine Form von Korruption oder Bestechung und beteiligen Sie sich nicht direkt oder indirekt daran. Gew\u00e4hren, bieten oder versprechen Sie keinem Regierungsbeamten oder einer Gegenpartei im privaten Sektor etwas von Wert, um offizielle Ma\u00dfnahmen zu beeinflussen oder einen unzul\u00e4ssigen Vorteil zu erlangen. Dies beinhaltet den Verzicht auf die Gew\u00e4hrung oder Annahme unzul\u00e4ssiger Beschleunigungszahlungen.<br \/><br \/><\/li><\/ul><p><strong>Fairer Wettbewerb, Kartellrecht und Rechte am geistigen Eigentum <\/strong><\/p><ul><li>Handeln Sie im Einklang mit den nationalen und internationalen Wettbewerbsgesetzen und beteiligen Sie sich nicht an Preisabsprachen, Markt- oder Kundenaufteilungen, Marktaufteilungen oder Angebotsabsprachen mit Wettbewerbern.<\/li><li>Respektieren Sie die geistigen Eigentumsrechte anderer.<br \/><br \/><\/li><\/ul><p><strong>Interessenkonflikte <\/strong><\/p><ul><li>Vermeiden und\/oder legen Sie alle Interessenkonflikte, die Gesch\u00e4ftsbeziehungen beeinflussen k\u00f6nnten, intern und gegen\u00fcber der PREIS-Gruppe offen und vermeiden Sie bereits den Anschein solcher Konflikte.<br \/><br \/><\/li><\/ul><p><strong>Bek\u00e4mpfung von Geldw\u00e4sche und Terrorismusfinanzierung <\/strong><\/p><ul><li>Geldw\u00e4sche oder Terrorismusfinanzierung weder direkt noch indirekt erleichtern.<br \/><br \/><\/li><\/ul><p><strong>Datenschutz und Cybersicherheit <\/strong><\/p><ul><li>Verarbeiten Sie personenbezogene Daten vertraulich und verantwortungsvoll, respektieren Sie die Privatsph\u00e4re aller und stellen Sie sicher, dass personenbezogene Daten wirksam gesch\u00fctzt und nur f\u00fcr legitime Zwecke verwendet werden.<\/li><li>Verpflichten Sie sich, in Ihrer Organisation ein angemessenes Rahmenwerk f\u00fcr das Cybersicherheitsmanagement auf der Grundlage bew\u00e4hrter Branchenpraktiken zu etablieren, um die Vertraulichkeit, Authentizit\u00e4t, Integrit\u00e4t und Verf\u00fcgbarkeit von Daten, Prozessen, Produkten, Systemen und Diensten zu gew\u00e4hrleisten.<br \/><br \/><\/li><\/ul><p><strong>Au\u00dfenwirtschaftsbestimmungen <\/strong><\/p><ul><li>Beachten Sie die geltenden Export-, Import-, Zoll- und Au\u00dfenhandelsbestimmungen.<br \/><br \/><\/li><\/ul><p><strong>Verantwortungsvolle Mineralienbeschaffung <\/strong><\/p><ul><li>Wir unternehmen angemessene Anstrengungen, um in unseren Produkten die Verwendung von Rohstoffen zu vermeiden, die aus Konflikt- und Hochrisikogebieten stammen und zu Menschenrechtsverletzungen, Korruption, der Finanzierung bewaffneter Gruppen oder \u00e4hnlichen negativen Auswirkungen beitragen.<br \/><br \/><\/li><\/ul><p><strong>Beschwerdemechanismus <\/strong><\/p><ul><li>Stellen Sie Ihren Mitarbeitern einen gesch\u00fctzten Mechanismus zur Verf\u00fcgung, um m\u00f6gliche Verst\u00f6\u00dfe gegen die Grunds\u00e4tze dieses Verhaltenskodex zu melden.<\/li><li>Sorgen Sie f\u00fcr den Schutz von Reportern oder Hinweisgebern vor jeglicher Art von Vergeltungsma\u00dfnahmen.<br \/><br \/><\/li><\/ul><p><strong>Lieferkette <\/strong><\/p><ul><li>Ergreifen angemessener Ma\u00dfnahmen, um seine Lieferanten zur Einhaltung der Grunds\u00e4tze dieses Verhaltenskodex zu bewegen und dies auf risikobehafteter Basis zu \u00fcberpr\u00fcfen.<\/li><\/ul>\t\t\t\t\t\t\t\t<\/div>\n\t\t\t\t<\/div>\n\t\t\t\t\t<\/div>\n\t\t\t\t<\/div>\n\t\t\t\t<\/div>\n\t\t","protected":false},"excerpt":{"rendered":"<p>Die PREIS Gruppe ist ein innovativer Entwickler und Produzent von Elektrokomponenten, Gie\u00dfereiprodukten, Schwei\u00dfkonstruktionen und Entw\u00e4sserungssystemen. Langfristiges Bestehen, kontinuierliches Wachstum, nachhaltige Entwicklung sowie Technologie- und Marktf\u00fchrerschaft in allen Gesch\u00e4ftsbereichen haben f\u00fcr uns oberste Priorit\u00e4t. Ziel aller unserer Gesch\u00e4ftsbereiche ist es, Branchenf\u00fchrer zu sein. Der hohe Qualit\u00e4tsstandard der Leistungen f\u00fcr unsere Kunden und die langfristige Kundenzufriedenheit sind [&hellip;]<\/p>\n","protected":false},"author":1,"featured_media":0,"parent":0,"menu_order":0,"comment_status":"closed","ping_status":"closed","template":"","meta":{"footnotes":""},"class_list":["post-12230","page","type-page","status-publish","hentry"],"_links":{"self":[{"href":"https:\/\/www.preisgroup.com\/de\/wp-json\/wp\/v2\/pages\/12230","targetHints":{"allow":["GET"]}}],"collection":[{"href":"https:\/\/www.preisgroup.com\/de\/wp-json\/wp\/v2\/pages"}],"about":[{"href":"https:\/\/www.preisgroup.com\/de\/wp-json\/wp\/v2\/types\/page"}],"author":[{"embeddable":true,"href":"https:\/\/www.preisgroup.com\/de\/wp-json\/wp\/v2\/users\/1"}],"replies":[{"embeddable":true,"href":"https:\/\/www.preisgroup.com\/de\/wp-json\/wp\/v2\/comments?post=12230"}],"version-history":[{"count":5,"href":"https:\/\/www.preisgroup.com\/de\/wp-json\/wp\/v2\/pages\/12230\/revisions"}],"predecessor-version":[{"id":17452,"href":"https:\/\/www.preisgroup.com\/de\/wp-json\/wp\/v2\/pages\/12230\/revisions\/17452"}],"wp:attachment":[{"href":"https:\/\/www.preisgroup.com\/de\/wp-json\/wp\/v2\/media?parent=12230"}],"curies":[{"name":"wp","href":"https:\/\/api.w.org\/{rel}","templated":true}]}}